{"id":143,"date":"2023-04-20T20:23:37","date_gmt":"2023-04-20T20:23:37","guid":{"rendered":"https:\/\/foerderverein-kalbach.de\/?page_id=143"},"modified":"2024-11-20T18:17:45","modified_gmt":"2024-11-20T18:17:45","slug":"der-verein","status":"publish","type":"page","link":"https:\/\/foerderverein-kalbach.de\/?page_id=143","title":{"rendered":"Der Verein"},"content":{"rendered":"<section class=\"wpb-content-wrapper\"><p>[vc_row][vc_column][\/vc_column][\/vc_row][vc_row][vc_column][vc_separator][\/vc_column][\/vc_row][vc_row][vc_column][vc_separator][\/vc_column][\/vc_row][vc_row][vc_column][vc_column_text]<strong>Wir stellen uns vor<\/strong><\/p>\n<p>Der Verein wurde in den 1980er Jahren von engagierten Eltern als Verein der Freunde und F\u00f6rderer der Grundschule Kalbach gegr\u00fcndet. Nach der Neug\u00fcndung im Jahre 2013 hei\u00dfen wir nun F\u00f6rderverein der Grundschule Kalbach e.V. und haben aktuell gut 40 Mitglieder.<\/p>\n<p>In Zusammenarbeit mit dem Lehrerkollegium, dem Schulelternbeirat und den Eltern erm\u00f6glichen wir den Kindern besondere Angebote, die \u00fcber das schulische Grundprogramm hinausgehen, anzubieten und Unterst\u00fctzen die Aktivit\u00e4ten der Grundschule.<\/p>\n<p>Wir sind gemeinn\u00fctzig, \u00fcberparteilich und konfessionell ungebunden.[\/vc_column_text][\/vc_column][\/vc_row][vc_row][vc_column width=&#8221;2\/3&#8243;][vc_column_text]<strong>Unsere Ziele und Aufgaben<\/strong><\/p>\n<p>Der F\u00f6rderverein der Grundschule Kalbach ist ein gemeinn\u00fctzig anerkannter Verein, dessen satzungsgem\u00e4\u00dfes Ziel die F\u00f6rderung der Bildung und Erziehung ist. Um dies zu erreichen, engagieren wir uns. Anbei einige Beispiele von dem, was wir tun:<\/p>\n<ul>\n<li>Die Finanzierung von zus\u00e4tzlichen Lernmitteln, um Lernen mit Freude zu erm\u00f6glichen<\/li>\n<li>Die Ausstattung des Schulhofs mit Spiel- und Bewegungsger\u00e4ten<\/li>\n<li>Den Aufbau und die laufende Aktualisierung des B\u00fcchereibestandes<\/li>\n<li>Die \u201eBewirtung\u201c der Kinder bei Sportveranstaltungen (Bundesjugendspiele und Alternatives Sportfest).<\/li>\n<li>Die Organisation bei Schulfesten und besonderen Veranstaltungen<\/li>\n<li>Die Bewirtung der Eltern und Kinder bei der Einschulungsfeier<\/li>\n<li>Die Finanzierung von Bastelmaterialien<\/li>\n<li>Die Spendensammlung und Finanzierung f\u00fcr Gro\u00dfveranstaltungen wie den \u201eMitmach-Zirkus\u201c<\/li>\n<\/ul>\n<p>und vieles mehr&#8230;.[\/vc_column_text][\/vc_column][vc_column width=&#8221;1\/3&#8243;][vc_column_text]<strong>Dokumente<\/strong><\/p>\n<p>Unsere Vereinssatzung zum Download als PDF: <a href=\"https:\/\/foerderverein-kalbach.de\/wp-content\/uploads\/2023\/04\/Satzung_aktuell_vom_03112014.pdf\"><img loading=\"lazy\" decoding=\"async\" class=\"alignnone size-full wp-image-210\" src=\"https:\/\/foerderverein-kalbach.de\/wp-content\/uploads\/2023\/04\/pdf_logo.png\" alt=\"\" width=\"67\" height=\"78\" \/><\/a><\/p>\n<p>Mitglied werden, Download des Beitrisformular:<a href=\"https:\/\/foerderverein-kalbach.de\/wp-content\/uploads\/2023\/04\/Beitrittsformular_Online_2021-2.pdf\"><img loading=\"lazy\" decoding=\"async\" class=\"alignnone wp-image-210 size-full\" src=\"https:\/\/foerderverein-kalbach.de\/wp-content\/uploads\/2023\/04\/pdf_logo.png\" alt=\"\" width=\"67\" height=\"78\" \/><\/a>[\/vc_column_text][\/vc_column][\/vc_row][vc_row][vc_column][vc_column_text]<strong>Der Vorstand:<\/strong><\/p>\n<ul>\n<li>Chef: <span class=\"sprocket-tables-feature sprocket-tables-cell sprocket-tables-bg1\">Eva Stahl<br \/>\n<\/span><\/li>\n<li>Vize: Claudia Catellani<\/li>\n<li>Geld: <span class=\"sprocket-tables-feature sprocket-tables-cell sprocket-tables-bg1\">Eva Link<\/span><\/li>\n<li>Stift:\u00a0Margarethe Rabenseifner<\/li>\n<li>Dabei: Rolf Giesemann<\/li>\n<li>Dabei: Annafrid Ziehm<\/li>\n<\/ul>\n<p>[\/vc_column_text][\/vc_column][\/vc_row]<\/p>\n<\/section>","protected":false},"excerpt":{"rendered":"<p>[vc_row][vc_column][\/vc_column][\/vc_row][vc_row][vc_column][vc_separator][\/vc_column][\/vc_row][vc_row][vc_column][vc_separator][\/vc_column][\/vc_row][vc_row][vc_column][vc_column_text]Wir stellen uns vor Der Verein wurde in den 1980er Jahren von engagierten Eltern als Verein der Freunde und F\u00f6rderer der Grundschule Kalbach gegr\u00fcndet. Nach der Neug\u00fcndung im Jahre 2013 [&hellip;]<\/p>\n","protected":false},"author":1,"featured_media":0,"parent":0,"menu_order":0,"comment_status":"closed","ping_status":"closed","template":"","meta":{"footnotes":""},"class_list":["post-143","page","type-page","status-publish","hentry"],"_links":{"self":[{"href":"https:\/\/foerderverein-kalbach.de\/index.php?rest_route=\/wp\/v2\/pages\/143","targetHints":{"allow":["GET"]}}],"collection":[{"href":"https:\/\/foerderverein-kalbach.de\/index.php?rest_route=\/wp\/v2\/pages"}],"about":[{"href":"https:\/\/foerderverein-kalbach.de\/index.php?rest_route=\/wp\/v2\/types\/page"}],"author":[{"embeddable":true,"href":"https:\/\/foerderverein-kalbach.de\/index.php?rest_route=\/wp\/v2\/users\/1"}],"replies":[{"embeddable":true,"href":"https:\/\/foerderverein-kalbach.de\/index.php?rest_route=%2Fwp%2Fv2%2Fcomments&post=143"}],"version-history":[{"count":17,"href":"https:\/\/foerderverein-kalbach.de\/index.php?rest_route=\/wp\/v2\/pages\/143\/revisions"}],"predecessor-version":[{"id":255,"href":"https:\/\/foerderverein-kalbach.de\/index.php?rest_route=\/wp\/v2\/pages\/143\/revisions\/255"}],"wp:attachment":[{"href":"https:\/\/foerderverein-kalbach.de\/index.php?rest_route=%2Fwp%2Fv2%2Fmedia&parent=143"}],"curies":[{"name":"wp","href":"https:\/\/api.w.org\/{rel}","templated":true}]}}